{"id":1780,"date":"2025-05-14T13:12:22","date_gmt":"2025-05-14T12:12:22","guid":{"rendered":"https:\/\/streetworktoolbox.org\/aviso-legal\/"},"modified":"2025-05-14T13:12:22","modified_gmt":"2025-05-14T12:12:22","slug":"aviso-legal","status":"publish","type":"page","link":"https:\/\/streetworktoolbox.org\/es\/aviso-legal\/","title":{"rendered":"Aviso legal"},"content":{"rendered":"\n<!-- Legal document generated by Complianz | GDPR\/CCPA Cookie Consent https:\/\/wordpress.org\/plugins\/complianz-gdpr -->\n<div id=\"cmplz-document\" class=\"cmplz-document impressum cmplz-document-all\"><p><i>Este aviso legal \/ imprint fue actualizado por \u00faltima vez el 15 mayo 2025.<\/i><\/p><p class=\"cmplz-subtitle\">El propietario de esta web es:<\/p><p>Dynamo International asbl<br>Rue de l\u2019\u00e9toile, 22<br \/>\n1180 Bruxelles<br \/>\n<br>B\u00e9lgica<br>Correo electr\u00f3nico:&nbsp;<span class=\"cmplz-obfuscate\">&#105;&#110;&#102;&#111;@<span class=\"cmplz-fmail-domain\">ex&#046;c&#111;&#109;<\/span>s&#116;r&#101;&#101;tw&#111;rk&#116;&#111;ol&#098;&#111;x&#046;&#111;r&#103;<\/span><br>N\u00famero de tel\u00e9fono: +32 483 27 98 22<br>CIF (N\u00famero de IVA):&nbsp;BE0474912493<\/p><p class=\"cmplz-subtitle\">El\/Los representante\/s legal\/es de Dynamo International asbl:<\/p><p>Edwin de Boev\u00e9<\/p><h2>1. General<\/h2><p class=\"cmplz-subtitle\">1.1 Estamos registrados en Banque-Carrefour des Entreprises bajo el n\u00famero de licencia o registro:<\/p><p>0474912493<\/p><p>No estamos dispuestos ni obligados a participar en procedimientos de resoluci\u00f3n de conflictos ante una junta de arbitraje de consumo.<\/p><h2>2. La siguiente informaci\u00f3n es obligatoria seg\u00fan la legislaci\u00f3n alemana.<\/h2><p class=\"cmplz-subtitle\">2.1 Wir stellen journalistische und redaktionell aufbereitete Inhalte zur Verf\u00fcgung.<\/p><p>Daher m\u00fcssen wir den Namen und den Wohnort der Person nennen, die f\u00fcr den Inhalt dieser Website verantwortlich ist:<br \/><br \/>Verantwortlich f\u00fcr den Inhalt nach \u00a7 18 Abs. 2 MStV ist: Francesco Ferrando aus Brussels.<\/p><\/div>","protected":false},"excerpt":{"rendered":"","protected":false},"author":1,"featured_media":0,"parent":0,"menu_order":0,"comment_status":"closed","ping_status":"closed","template":"","meta":{"_acf_changed":false,"_bbp_topic_count":0,"_bbp_reply_count":0,"_bbp_total_topic_count":0,"_bbp_total_reply_count":0,"_bbp_voice_count":0,"_bbp_anonymous_reply_count":0,"_bbp_topic_count_hidden":0,"_bbp_reply_count_hidden":0,"_bbp_forum_subforum_count":0,"inline_featured_image":false,"footnotes":""},"class_list":["post-1780","page","type-page","status-publish","hentry"],"acf":[],"yoast_head":"<!-- This site is optimized with the Yoast SEO plugin v26.3 - https:\/\/yoast.com\/wordpress\/plugins\/seo\/ -->\n<title>Aviso legal - Noleby Multimedia Tools for Street Workers<\/title>\n<meta name=\"robots\" content=\"index, follow, max-snippet:-1, max-image-preview:large, max-video-preview:-1\" \/>\n<link rel=\"canonical\" href=\"https:\/\/streetworktoolbox.org\/es\/aviso-legal\/\" \/>\n<meta property=\"og:locale\" content=\"es_ES\" \/>\n<meta property=\"og:type\" content=\"article\" \/>\n<meta property=\"og:title\" content=\"Aviso legal - Noleby Multimedia Tools for Street Workers\" \/>\n<meta property=\"og:url\" content=\"https:\/\/streetworktoolbox.org\/es\/aviso-legal\/\" \/>\n<meta property=\"og:site_name\" content=\"Noleby Multimedia Tools for Street Workers\" \/>\n<meta property=\"article:publisher\" content=\"https:\/\/www.facebook.com\/DynamoNetwork\" \/>\n<meta name=\"twitter:card\" content=\"summary_large_image\" \/>\n<script type=\"application\/ld+json\" class=\"yoast-schema-graph\">{\"@context\":\"https:\/\/schema.org\",\"@graph\":[{\"@type\":\"WebPage\",\"@id\":\"https:\/\/streetworktoolbox.org\/es\/aviso-legal\/\",\"url\":\"https:\/\/streetworktoolbox.org\/es\/aviso-legal\/\",\"name\":\"Aviso legal - Noleby Multimedia Tools for Street Workers\",\"isPartOf\":{\"@id\":\"https:\/\/streetworktoolbox.org\/es\/#website\"},\"datePublished\":\"2025-05-14T12:12:22+00:00\",\"breadcrumb\":{\"@id\":\"https:\/\/streetworktoolbox.org\/es\/aviso-legal\/#breadcrumb\"},\"inLanguage\":\"es\",\"potentialAction\":[{\"@type\":\"ReadAction\",\"target\":[\"https:\/\/streetworktoolbox.org\/es\/aviso-legal\/\"]}]},{\"@type\":\"BreadcrumbList\",\"@id\":\"https:\/\/streetworktoolbox.org\/es\/aviso-legal\/#breadcrumb\",\"itemListElement\":[{\"@type\":\"ListItem\",\"position\":1,\"name\":\"Home\",\"item\":\"https:\/\/streetworktoolbox.org\/es\/pagina-de-inicio\/\"},{\"@type\":\"ListItem\",\"position\":2,\"name\":\"Aviso legal\"}]},{\"@type\":\"WebSite\",\"@id\":\"https:\/\/streetworktoolbox.org\/es\/#website\",\"url\":\"https:\/\/streetworktoolbox.org\/es\/\",\"name\":\"Noleby Multimedia Tools for Street Workers\",\"description\":\"\",\"publisher\":{\"@id\":\"https:\/\/streetworktoolbox.org\/es\/#organization\"},\"potentialAction\":[{\"@type\":\"SearchAction\",\"target\":{\"@type\":\"EntryPoint\",\"urlTemplate\":\"https:\/\/streetworktoolbox.org\/es\/?s={search_term_string}\"},\"query-input\":{\"@type\":\"PropertyValueSpecification\",\"valueRequired\":true,\"valueName\":\"search_term_string\"}}],\"inLanguage\":\"es\"},{\"@type\":\"Organization\",\"@id\":\"https:\/\/streetworktoolbox.org\/es\/#organization\",\"name\":\"Noleby Multimedia Tools for Street Workers\",\"url\":\"https:\/\/streetworktoolbox.org\/es\/\",\"logo\":{\"@type\":\"ImageObject\",\"inLanguage\":\"es\",\"@id\":\"https:\/\/streetworktoolbox.org\/es\/#\/schema\/logo\/image\/\",\"url\":\"https:\/\/streetworktoolbox.org\/wp-content\/uploads\/2025\/05\/noleby-logo-150-2.png\",\"contentUrl\":\"https:\/\/streetworktoolbox.org\/wp-content\/uploads\/2025\/05\/noleby-logo-150-2.png\",\"width\":150,\"height\":49,\"caption\":\"Noleby Multimedia Tools for Street Workers\"},\"image\":{\"@id\":\"https:\/\/streetworktoolbox.org\/es\/#\/schema\/logo\/image\/\"},\"sameAs\":[\"https:\/\/www.facebook.com\/DynamoNetwork\"]}]}<\/script>\n<!-- \/ Yoast SEO plugin. -->","yoast_head_json":{"title":"Aviso legal - Noleby Multimedia Tools for Street Workers","robots":{"index":"index","follow":"follow","max-snippet":"max-snippet:-1","max-image-preview":"max-image-preview:large","max-video-preview":"max-video-preview:-1"},"canonical":"https:\/\/streetworktoolbox.org\/es\/aviso-legal\/","og_locale":"es_ES","og_type":"article","og_title":"Aviso legal - Noleby Multimedia Tools for Street Workers","og_url":"https:\/\/streetworktoolbox.org\/es\/aviso-legal\/","og_site_name":"Noleby Multimedia Tools for Street Workers","article_publisher":"https:\/\/www.facebook.com\/DynamoNetwork","twitter_card":"summary_large_image","schema":{"@context":"https:\/\/schema.org","@graph":[{"@type":"WebPage","@id":"https:\/\/streetworktoolbox.org\/es\/aviso-legal\/","url":"https:\/\/streetworktoolbox.org\/es\/aviso-legal\/","name":"Aviso legal - Noleby Multimedia Tools for Street Workers","isPartOf":{"@id":"https:\/\/streetworktoolbox.org\/es\/#website"},"datePublished":"2025-05-14T12:12:22+00:00","breadcrumb":{"@id":"https:\/\/streetworktoolbox.org\/es\/aviso-legal\/#breadcrumb"},"inLanguage":"es","potentialAction":[{"@type":"ReadAction","target":["https:\/\/streetworktoolbox.org\/es\/aviso-legal\/"]}]},{"@type":"BreadcrumbList","@id":"https:\/\/streetworktoolbox.org\/es\/aviso-legal\/#breadcrumb","itemListElement":[{"@type":"ListItem","position":1,"name":"Home","item":"https:\/\/streetworktoolbox.org\/es\/pagina-de-inicio\/"},{"@type":"ListItem","position":2,"name":"Aviso legal"}]},{"@type":"WebSite","@id":"https:\/\/streetworktoolbox.org\/es\/#website","url":"https:\/\/streetworktoolbox.org\/es\/","name":"Noleby Multimedia Tools for Street Workers","description":"","publisher":{"@id":"https:\/\/streetworktoolbox.org\/es\/#organization"},"potentialAction":[{"@type":"SearchAction","target":{"@type":"EntryPoint","urlTemplate":"https:\/\/streetworktoolbox.org\/es\/?s={search_term_string}"},"query-input":{"@type":"PropertyValueSpecification","valueRequired":true,"valueName":"search_term_string"}}],"inLanguage":"es"},{"@type":"Organization","@id":"https:\/\/streetworktoolbox.org\/es\/#organization","name":"Noleby Multimedia Tools for Street Workers","url":"https:\/\/streetworktoolbox.org\/es\/","logo":{"@type":"ImageObject","inLanguage":"es","@id":"https:\/\/streetworktoolbox.org\/es\/#\/schema\/logo\/image\/","url":"https:\/\/streetworktoolbox.org\/wp-content\/uploads\/2025\/05\/noleby-logo-150-2.png","contentUrl":"https:\/\/streetworktoolbox.org\/wp-content\/uploads\/2025\/05\/noleby-logo-150-2.png","width":150,"height":49,"caption":"Noleby Multimedia Tools for Street Workers"},"image":{"@id":"https:\/\/streetworktoolbox.org\/es\/#\/schema\/logo\/image\/"},"sameAs":["https:\/\/www.facebook.com\/DynamoNetwork"]}]}},"_links":{"self":[{"href":"https:\/\/streetworktoolbox.org\/es\/wp-json\/wp\/v2\/pages\/1780","targetHints":{"allow":["GET"]}}],"collection":[{"href":"https:\/\/streetworktoolbox.org\/es\/wp-json\/wp\/v2\/pages"}],"about":[{"href":"https:\/\/streetworktoolbox.org\/es\/wp-json\/wp\/v2\/types\/page"}],"author":[{"embeddable":true,"href":"https:\/\/streetworktoolbox.org\/es\/wp-json\/wp\/v2\/users\/1"}],"replies":[{"embeddable":true,"href":"https:\/\/streetworktoolbox.org\/es\/wp-json\/wp\/v2\/comments?post=1780"}],"version-history":[{"count":0,"href":"https:\/\/streetworktoolbox.org\/es\/wp-json\/wp\/v2\/pages\/1780\/revisions"}],"wp:attachment":[{"href":"https:\/\/streetworktoolbox.org\/es\/wp-json\/wp\/v2\/media?parent=1780"}],"curies":[{"name":"wp","href":"https:\/\/api.w.org\/{rel}","templated":true}]}}