{"id":1785,"date":"2025-05-21T13:31:20","date_gmt":"2025-05-21T12:31:20","guid":{"rendered":"https:\/\/streetworktoolbox.org\/pautas-para-el-uso-correcto-del-padlet\/"},"modified":"2025-11-11T10:54:43","modified_gmt":"2025-11-11T10:54:43","slug":"pautas-para-el-uso-correcto-del-padlet","status":"publish","type":"page","link":"https:\/\/streetworktoolbox.org\/es\/pautas-para-el-uso-correcto-del-padlet\/","title":{"rendered":"Pautas para el uso correcto del Padlet"},"content":{"rendered":"<div class=\"fusion-fullwidth fullwidth-box fusion-builder-row-1 fusion-flex-container has-pattern-background has-mask-background gdlns nonhundred-percent-fullwidth non-hundred-percent-height-scrolling\" style=\"--awb-border-radius-top-left:0px;--awb-border-radius-top-right:0px;--awb-border-radius-bottom-right:0px;--awb-border-radius-bottom-left:0px;--awb-padding-right:0px;--awb-padding-left:0px;--awb-flex-wrap:wrap;\" ><div class=\"fusion-builder-row fusion-row fusion-flex-align-items-flex-start fusion-flex-content-wrap\" style=\"max-width:1248px;margin-left: calc(-4% \/ 2 );margin-right: calc(-4% \/ 2 );\"><div class=\"fusion-layout-column fusion_builder_column fusion-builder-column-0 fusion_builder_column_1_1 1_1 fusion-flex-column\" style=\"--awb-bg-size:cover;--awb-width-large:100%;--awb-margin-top-large:0px;--awb-spacing-right-large:1.92%;--awb-margin-bottom-large:20px;--awb-spacing-left-large:1.92%;--awb-width-medium:100%;--awb-order-medium:0;--awb-spacing-right-medium:1.92%;--awb-spacing-left-medium:1.92%;--awb-width-small:100%;--awb-order-small:0;--awb-spacing-right-small:1.92%;--awb-spacing-left-small:1.92%;\"><div class=\"fusion-column-wrapper fusion-column-has-shadow fusion-flex-justify-content-flex-start fusion-content-layout-column\"><div class=\"fusion-text fusion-text-1\"><h2>Introducci\u00f3n<\/h2>\n<p>El Padlet NOLEBY sirve como espacio de colaboraci\u00f3n para que los trabajadores de la calle y los j\u00f3venes de toda Europa compartan experiencias, recursos y puntos de vista. Para mantener un entorno respetuoso y eficaz, se espera que los colaboradores cumplan las siguientes directrices.<\/p>\n<h2>Finalidad del Padlet<\/h2>\n<ul>\n<li>Facilitar el intercambio de ideas y buenas pr\u00e1cticas entre los trabajadores de la calle y los j\u00f3venes.<\/li>\n<li>Comparte contenidos multimedia que reflejen las realidades y los retos del trabajo social de calle.<\/li>\n<li>Promover el aprendizaje colaborativo y el apoyo mutuo dentro de la comunidad.<\/li>\n<\/ul>\n<h2>Contenido aceptable<\/h2>\n<ul>\n<li>Experiencias y narraciones personales relevantes para el trabajo social de calle.<\/li>\n<li>Fotograf\u00edas, v\u00eddeos y grabaciones de audio que respeten la intimidad y la dignidad de las personas retratadas.<\/li>\n<li>Enlaces a recursos, art\u00edculos y herramientas beneficiosos para la comunidad.<\/li>\n<li>Expresiones creativas (por ejemplo, arte, poes\u00eda) que transmitan las experiencias de los trabajadores de la calle o de las comunidades a las que sirven.<\/li>\n<\/ul>\n<h2>Contenido prohibido<\/h2>\n<ul>\n<li>Cualquier forma de incitaci\u00f3n al odio, discriminaci\u00f3n o acoso.<\/li>\n<li>Contenido que viole la privacidad o confidencialidad de las personas, incluyendo im\u00e1genes no autorizadas o informaci\u00f3n personal.<\/li>\n<li>Material promocional o anuncios no relacionados con los objetivos del Padlet.<\/li>\n<li>Contenido inapropiado o expl\u00edcito no alineado con la naturaleza profesional del trabajo social de calle.<\/li>\n<\/ul>\n<h2>Normas de publicaci\u00f3n<\/h2>\n<ul>\n<li>Aseg\u00farate de que todas las contribuciones sean respetuosas, pertinentes y constructivas.<\/li>\n<li>Proporciona t\u00edtulos y descripciones claros para cada entrada.<\/li>\n<li>Utiliza un lenguaje y un tono adecuados, teniendo en cuenta la diversidad de la audiencia.<\/li>\n<li>Evita las publicaciones duplicadas; comprueba el contenido existente antes de a\u00f1adir material nuevo.<\/li>\n<\/ul>\n<h2>Privacidad y consentimiento<\/h2>\n<ul>\n<li>Obt\u00e9n el consentimiento informado antes de compartir cualquier contenido en el que aparezcan personas identificables.<\/li>\n<li>Anonimizar la informaci\u00f3n sensible para proteger la intimidad de las personas y las comunidades.<\/li>\n<li>Cumplir la normativa de protecci\u00f3n de datos, incluido el GDPR, al tratar datos personales.<\/li>\n<\/ul>\n<h2>Moderaci\u00f3n e informes<\/h2>\n<ul>\n<li>El Padlet es supervisado por moderadores designados para garantizar el cumplimiento de estas directrices.<\/li>\n<li>Los usuarios pueden denunciar contenidos o comportamientos inapropiados a los moderadores en info@streetworktoolbox.org.<\/li>\n<li>Las infracciones pueden dar lugar a la eliminaci\u00f3n del contenido y, si es necesario, a la restricci\u00f3n de los privilegios de publicaci\u00f3n.<\/li>\n<\/ul>\n<h2>Acuse de recibo<\/h2>\n<p>Al contribuir al Padlet de NOLEBY, los usuarios reconocen y aceptan adherirse a estas directrices, fomentando un entorno colaborativo y respetuoso para todos los participantes.<\/p>\n<\/div><\/div><\/div><\/div><\/div>\n","protected":false},"excerpt":{"rendered":"","protected":false},"author":1,"featured_media":0,"parent":0,"menu_order":0,"comment_status":"closed","ping_status":"closed","template":"100-width.php","meta":{"_acf_changed":false,"_bbp_topic_count":0,"_bbp_reply_count":0,"_bbp_total_topic_count":0,"_bbp_total_reply_count":0,"_bbp_voice_count":0,"_bbp_anonymous_reply_count":0,"_bbp_topic_count_hidden":0,"_bbp_reply_count_hidden":0,"_bbp_forum_subforum_count":0,"inline_featured_image":false,"footnotes":""},"class_list":["post-1785","page","type-page","status-publish","hentry"],"acf":[],"yoast_head":"<!-- This site is optimized with the Yoast SEO plugin v26.3 - https:\/\/yoast.com\/wordpress\/plugins\/seo\/ -->\n<title>Pautas para el uso correcto del Padlet - Noleby Multimedia Tools for Street Workers<\/title>\n<meta name=\"robots\" content=\"index, follow, max-snippet:-1, max-image-preview:large, max-video-preview:-1\" \/>\n<link rel=\"canonical\" href=\"https:\/\/streetworktoolbox.org\/es\/pautas-para-el-uso-correcto-del-padlet\/\" \/>\n<meta property=\"og:locale\" content=\"es_ES\" \/>\n<meta property=\"og:type\" content=\"article\" \/>\n<meta property=\"og:title\" content=\"Pautas para el uso correcto del Padlet - Noleby Multimedia Tools for Street Workers\" \/>\n<meta property=\"og:url\" content=\"https:\/\/streetworktoolbox.org\/es\/pautas-para-el-uso-correcto-del-padlet\/\" \/>\n<meta property=\"og:site_name\" content=\"Noleby Multimedia Tools for Street Workers\" \/>\n<meta property=\"article:publisher\" content=\"https:\/\/www.facebook.com\/DynamoNetwork\" \/>\n<meta property=\"article:modified_time\" content=\"2025-11-11T10:54:43+00:00\" \/>\n<meta name=\"twitter:card\" content=\"summary_large_image\" \/>\n<meta name=\"twitter:label1\" content=\"Tiempo de lectura\" \/>\n\t<meta name=\"twitter:data1\" content=\"7 minutos\" \/>\n<script type=\"application\/ld+json\" class=\"yoast-schema-graph\">{\"@context\":\"https:\/\/schema.org\",\"@graph\":[{\"@type\":\"WebPage\",\"@id\":\"https:\/\/streetworktoolbox.org\/es\/pautas-para-el-uso-correcto-del-padlet\/\",\"url\":\"https:\/\/streetworktoolbox.org\/es\/pautas-para-el-uso-correcto-del-padlet\/\",\"name\":\"Pautas para el uso correcto del Padlet - Noleby Multimedia Tools for Street Workers\",\"isPartOf\":{\"@id\":\"https:\/\/streetworktoolbox.org\/es\/#website\"},\"datePublished\":\"2025-05-21T12:31:20+00:00\",\"dateModified\":\"2025-11-11T10:54:43+00:00\",\"breadcrumb\":{\"@id\":\"https:\/\/streetworktoolbox.org\/es\/pautas-para-el-uso-correcto-del-padlet\/#breadcrumb\"},\"inLanguage\":\"es\",\"potentialAction\":[{\"@type\":\"ReadAction\",\"target\":[\"https:\/\/streetworktoolbox.org\/es\/pautas-para-el-uso-correcto-del-padlet\/\"]}]},{\"@type\":\"BreadcrumbList\",\"@id\":\"https:\/\/streetworktoolbox.org\/es\/pautas-para-el-uso-correcto-del-padlet\/#breadcrumb\",\"itemListElement\":[{\"@type\":\"ListItem\",\"position\":1,\"name\":\"Home\",\"item\":\"https:\/\/streetworktoolbox.org\/es\/pagina-de-inicio\/\"},{\"@type\":\"ListItem\",\"position\":2,\"name\":\"Pautas para el uso correcto del Padlet\"}]},{\"@type\":\"WebSite\",\"@id\":\"https:\/\/streetworktoolbox.org\/es\/#website\",\"url\":\"https:\/\/streetworktoolbox.org\/es\/\",\"name\":\"Noleby Multimedia Tools for Street Workers\",\"description\":\"\",\"publisher\":{\"@id\":\"https:\/\/streetworktoolbox.org\/es\/#organization\"},\"potentialAction\":[{\"@type\":\"SearchAction\",\"target\":{\"@type\":\"EntryPoint\",\"urlTemplate\":\"https:\/\/streetworktoolbox.org\/es\/?s={search_term_string}\"},\"query-input\":{\"@type\":\"PropertyValueSpecification\",\"valueRequired\":true,\"valueName\":\"search_term_string\"}}],\"inLanguage\":\"es\"},{\"@type\":\"Organization\",\"@id\":\"https:\/\/streetworktoolbox.org\/es\/#organization\",\"name\":\"Noleby Multimedia Tools for Street Workers\",\"url\":\"https:\/\/streetworktoolbox.org\/es\/\",\"logo\":{\"@type\":\"ImageObject\",\"inLanguage\":\"es\",\"@id\":\"https:\/\/streetworktoolbox.org\/es\/#\/schema\/logo\/image\/\",\"url\":\"https:\/\/streetworktoolbox.org\/wp-content\/uploads\/2025\/05\/noleby-logo-150-2.png\",\"contentUrl\":\"https:\/\/streetworktoolbox.org\/wp-content\/uploads\/2025\/05\/noleby-logo-150-2.png\",\"width\":150,\"height\":49,\"caption\":\"Noleby Multimedia Tools for Street Workers\"},\"image\":{\"@id\":\"https:\/\/streetworktoolbox.org\/es\/#\/schema\/logo\/image\/\"},\"sameAs\":[\"https:\/\/www.facebook.com\/DynamoNetwork\"]}]}<\/script>\n<!-- \/ Yoast SEO plugin. -->","yoast_head_json":{"title":"Pautas para el uso correcto del Padlet - Noleby Multimedia Tools for Street Workers","robots":{"index":"index","follow":"follow","max-snippet":"max-snippet:-1","max-image-preview":"max-image-preview:large","max-video-preview":"max-video-preview:-1"},"canonical":"https:\/\/streetworktoolbox.org\/es\/pautas-para-el-uso-correcto-del-padlet\/","og_locale":"es_ES","og_type":"article","og_title":"Pautas para el uso correcto del Padlet - Noleby Multimedia Tools for Street Workers","og_url":"https:\/\/streetworktoolbox.org\/es\/pautas-para-el-uso-correcto-del-padlet\/","og_site_name":"Noleby Multimedia Tools for Street Workers","article_publisher":"https:\/\/www.facebook.com\/DynamoNetwork","article_modified_time":"2025-11-11T10:54:43+00:00","twitter_card":"summary_large_image","twitter_misc":{"Tiempo de lectura":"7 minutos"},"schema":{"@context":"https:\/\/schema.org","@graph":[{"@type":"WebPage","@id":"https:\/\/streetworktoolbox.org\/es\/pautas-para-el-uso-correcto-del-padlet\/","url":"https:\/\/streetworktoolbox.org\/es\/pautas-para-el-uso-correcto-del-padlet\/","name":"Pautas para el uso correcto del Padlet - Noleby Multimedia Tools for Street Workers","isPartOf":{"@id":"https:\/\/streetworktoolbox.org\/es\/#website"},"datePublished":"2025-05-21T12:31:20+00:00","dateModified":"2025-11-11T10:54:43+00:00","breadcrumb":{"@id":"https:\/\/streetworktoolbox.org\/es\/pautas-para-el-uso-correcto-del-padlet\/#breadcrumb"},"inLanguage":"es","potentialAction":[{"@type":"ReadAction","target":["https:\/\/streetworktoolbox.org\/es\/pautas-para-el-uso-correcto-del-padlet\/"]}]},{"@type":"BreadcrumbList","@id":"https:\/\/streetworktoolbox.org\/es\/pautas-para-el-uso-correcto-del-padlet\/#breadcrumb","itemListElement":[{"@type":"ListItem","position":1,"name":"Home","item":"https:\/\/streetworktoolbox.org\/es\/pagina-de-inicio\/"},{"@type":"ListItem","position":2,"name":"Pautas para el uso correcto del Padlet"}]},{"@type":"WebSite","@id":"https:\/\/streetworktoolbox.org\/es\/#website","url":"https:\/\/streetworktoolbox.org\/es\/","name":"Noleby Multimedia Tools for Street Workers","description":"","publisher":{"@id":"https:\/\/streetworktoolbox.org\/es\/#organization"},"potentialAction":[{"@type":"SearchAction","target":{"@type":"EntryPoint","urlTemplate":"https:\/\/streetworktoolbox.org\/es\/?s={search_term_string}"},"query-input":{"@type":"PropertyValueSpecification","valueRequired":true,"valueName":"search_term_string"}}],"inLanguage":"es"},{"@type":"Organization","@id":"https:\/\/streetworktoolbox.org\/es\/#organization","name":"Noleby Multimedia Tools for Street Workers","url":"https:\/\/streetworktoolbox.org\/es\/","logo":{"@type":"ImageObject","inLanguage":"es","@id":"https:\/\/streetworktoolbox.org\/es\/#\/schema\/logo\/image\/","url":"https:\/\/streetworktoolbox.org\/wp-content\/uploads\/2025\/05\/noleby-logo-150-2.png","contentUrl":"https:\/\/streetworktoolbox.org\/wp-content\/uploads\/2025\/05\/noleby-logo-150-2.png","width":150,"height":49,"caption":"Noleby Multimedia Tools for Street Workers"},"image":{"@id":"https:\/\/streetworktoolbox.org\/es\/#\/schema\/logo\/image\/"},"sameAs":["https:\/\/www.facebook.com\/DynamoNetwork"]}]}},"_links":{"self":[{"href":"https:\/\/streetworktoolbox.org\/es\/wp-json\/wp\/v2\/pages\/1785","targetHints":{"allow":["GET"]}}],"collection":[{"href":"https:\/\/streetworktoolbox.org\/es\/wp-json\/wp\/v2\/pages"}],"about":[{"href":"https:\/\/streetworktoolbox.org\/es\/wp-json\/wp\/v2\/types\/page"}],"author":[{"embeddable":true,"href":"https:\/\/streetworktoolbox.org\/es\/wp-json\/wp\/v2\/users\/1"}],"replies":[{"embeddable":true,"href":"https:\/\/streetworktoolbox.org\/es\/wp-json\/wp\/v2\/comments?post=1785"}],"version-history":[{"count":8,"href":"https:\/\/streetworktoolbox.org\/es\/wp-json\/wp\/v2\/pages\/1785\/revisions"}],"predecessor-version":[{"id":1802,"href":"https:\/\/streetworktoolbox.org\/es\/wp-json\/wp\/v2\/pages\/1785\/revisions\/1802"}],"wp:attachment":[{"href":"https:\/\/streetworktoolbox.org\/es\/wp-json\/wp\/v2\/media?parent=1785"}],"curies":[{"name":"wp","href":"https:\/\/api.w.org\/{rel}","templated":true}]}}