{"id":1769,"date":"2025-05-14T13:12:22","date_gmt":"2025-05-14T12:12:22","guid":{"rendered":"https:\/\/streetworktoolbox.org\/avis-juridique\/"},"modified":"2025-05-14T13:12:22","modified_gmt":"2025-05-14T12:12:22","slug":"avis-juridique","status":"publish","type":"page","link":"https:\/\/streetworktoolbox.org\/fr\/avis-juridique\/","title":{"rendered":"Avis juridique"},"content":{"rendered":"\n<!-- Legal document generated by Complianz | GDPR\/CCPA Cookie Consent https:\/\/wordpress.org\/plugins\/complianz-gdpr -->\n<div id=\"cmplz-document\" class=\"cmplz-document impressum cmplz-document-all\"><p><i>Cette imprint a \u00e9t\u00e9 mise \u00e0 jour pour la derni\u00e8re fois le 15 mai 2025.<\/i><\/p><p class=\"cmplz-subtitle\">Le propri\u00e9taire de ce site web est\u00a0:<\/p><p>Dynamo International asbl<br>Rue de l\u2019\u00e9toile, 22<br \/>\n1180 Bruxelles<br \/>\n<br>Belgique<br>E-mail\u00a0:&nbsp;<span class=\"cmplz-obfuscate\">in&#102;&#111;@<span class=\"cmplz-fmail-domain\">ex&#046;&#099;o&#109;<\/span>&#115;t&#114;&#101;etw&#111;r&#107;tool&#098;o&#120;&#046;&#111;rg<\/span><br>Num\u00e9ro de t\u00e9l\u00e9phone\u00a0: +32 483 27 98 22<br>ID TVA\u00a0:&nbsp;BE0474912493<\/p><p class=\"cmplz-subtitle\">Le(s) repr\u00e9sentant(s) l\u00e9gal(aux) de Dynamo International asbl\u00a0:<\/p><p>Edwin de Boev\u00e9<\/p><h2>1. G\u00e9n\u00e9ral<\/h2><p class=\"cmplz-subtitle\">1.1 Nous sommes enregistr\u00e9s chez Banque-Carrefour des Entreprises sous le num\u00e9ro de licence ou d\u2019enregistrement\u00a0:<\/p><p>0474912493<\/p><p>Nous ne sommes ni dispos\u00e9s ni oblig\u00e9s de participer \u00e0 des proc\u00e9dures de r\u00e8glement des litiges devant une commission d\u2019arbitrage des consommateurs.<\/p><h2>2. Les informations suivantes sont obligatoires selon la loi allemande.<\/h2><p class=\"cmplz-subtitle\">2.1 Wir stellen journalistische und redaktionell aufbereitete Inhalte zur Verf\u00fcgung.<\/p><p>Daher m\u00fcssen wir den Namen und den Wohnort der Person nennen, die f\u00fcr den Inhalt dieser Website verantwortlich ist:<br \/><br \/>Verantwortlich f\u00fcr den Inhalt nach \u00a7 18 Abs. 2 MStV ist: Francesco Ferrando aus Brussels.<\/p><\/div>","protected":false},"excerpt":{"rendered":"","protected":false},"author":1,"featured_media":0,"parent":0,"menu_order":0,"comment_status":"closed","ping_status":"closed","template":"","meta":{"_acf_changed":false,"_bbp_topic_count":0,"_bbp_reply_count":0,"_bbp_total_topic_count":0,"_bbp_total_reply_count":0,"_bbp_voice_count":0,"_bbp_anonymous_reply_count":0,"_bbp_topic_count_hidden":0,"_bbp_reply_count_hidden":0,"_bbp_forum_subforum_count":0,"inline_featured_image":false,"footnotes":""},"class_list":["post-1769","page","type-page","status-publish","hentry"],"acf":[],"yoast_head":"<!-- This site is optimized with the Yoast SEO plugin v26.3 - https:\/\/yoast.com\/wordpress\/plugins\/seo\/ -->\n<title>Avis juridique - Noleby Multimedia Tools for Street Workers<\/title>\n<meta name=\"robots\" content=\"index, follow, max-snippet:-1, max-image-preview:large, max-video-preview:-1\" \/>\n<link rel=\"canonical\" href=\"https:\/\/streetworktoolbox.org\/fr\/avis-juridique\/\" \/>\n<meta property=\"og:locale\" content=\"fr_FR\" \/>\n<meta property=\"og:type\" content=\"article\" \/>\n<meta property=\"og:title\" content=\"Avis juridique - Noleby Multimedia Tools for Street Workers\" \/>\n<meta property=\"og:url\" content=\"https:\/\/streetworktoolbox.org\/fr\/avis-juridique\/\" \/>\n<meta property=\"og:site_name\" content=\"Noleby Multimedia Tools for Street Workers\" \/>\n<meta property=\"article:publisher\" content=\"https:\/\/www.facebook.com\/DynamoNetwork\" \/>\n<meta name=\"twitter:card\" content=\"summary_large_image\" \/>\n<script type=\"application\/ld+json\" class=\"yoast-schema-graph\">{\"@context\":\"https:\/\/schema.org\",\"@graph\":[{\"@type\":\"WebPage\",\"@id\":\"https:\/\/streetworktoolbox.org\/fr\/avis-juridique\/\",\"url\":\"https:\/\/streetworktoolbox.org\/fr\/avis-juridique\/\",\"name\":\"Avis juridique - Noleby Multimedia Tools for Street Workers\",\"isPartOf\":{\"@id\":\"https:\/\/streetworktoolbox.org\/fr\/#website\"},\"datePublished\":\"2025-05-14T12:12:22+00:00\",\"breadcrumb\":{\"@id\":\"https:\/\/streetworktoolbox.org\/fr\/avis-juridique\/#breadcrumb\"},\"inLanguage\":\"fr-FR\",\"potentialAction\":[{\"@type\":\"ReadAction\",\"target\":[\"https:\/\/streetworktoolbox.org\/fr\/avis-juridique\/\"]}]},{\"@type\":\"BreadcrumbList\",\"@id\":\"https:\/\/streetworktoolbox.org\/fr\/avis-juridique\/#breadcrumb\",\"itemListElement\":[{\"@type\":\"ListItem\",\"position\":1,\"name\":\"Home\",\"item\":\"https:\/\/streetworktoolbox.org\/fr\/page-daccueil\/\"},{\"@type\":\"ListItem\",\"position\":2,\"name\":\"Avis juridique\"}]},{\"@type\":\"WebSite\",\"@id\":\"https:\/\/streetworktoolbox.org\/fr\/#website\",\"url\":\"https:\/\/streetworktoolbox.org\/fr\/\",\"name\":\"Noleby Multimedia Tools for Street Workers\",\"description\":\"\",\"publisher\":{\"@id\":\"https:\/\/streetworktoolbox.org\/fr\/#organization\"},\"potentialAction\":[{\"@type\":\"SearchAction\",\"target\":{\"@type\":\"EntryPoint\",\"urlTemplate\":\"https:\/\/streetworktoolbox.org\/fr\/?s={search_term_string}\"},\"query-input\":{\"@type\":\"PropertyValueSpecification\",\"valueRequired\":true,\"valueName\":\"search_term_string\"}}],\"inLanguage\":\"fr-FR\"},{\"@type\":\"Organization\",\"@id\":\"https:\/\/streetworktoolbox.org\/fr\/#organization\",\"name\":\"Noleby Multimedia Tools for Street Workers\",\"url\":\"https:\/\/streetworktoolbox.org\/fr\/\",\"logo\":{\"@type\":\"ImageObject\",\"inLanguage\":\"fr-FR\",\"@id\":\"https:\/\/streetworktoolbox.org\/fr\/#\/schema\/logo\/image\/\",\"url\":\"https:\/\/streetworktoolbox.org\/wp-content\/uploads\/2025\/05\/noleby-logo-150-2.png\",\"contentUrl\":\"https:\/\/streetworktoolbox.org\/wp-content\/uploads\/2025\/05\/noleby-logo-150-2.png\",\"width\":150,\"height\":49,\"caption\":\"Noleby Multimedia Tools for Street Workers\"},\"image\":{\"@id\":\"https:\/\/streetworktoolbox.org\/fr\/#\/schema\/logo\/image\/\"},\"sameAs\":[\"https:\/\/www.facebook.com\/DynamoNetwork\"]}]}<\/script>\n<!-- \/ Yoast SEO plugin. -->","yoast_head_json":{"title":"Avis juridique - Noleby Multimedia Tools for Street Workers","robots":{"index":"index","follow":"follow","max-snippet":"max-snippet:-1","max-image-preview":"max-image-preview:large","max-video-preview":"max-video-preview:-1"},"canonical":"https:\/\/streetworktoolbox.org\/fr\/avis-juridique\/","og_locale":"fr_FR","og_type":"article","og_title":"Avis juridique - Noleby Multimedia Tools for Street Workers","og_url":"https:\/\/streetworktoolbox.org\/fr\/avis-juridique\/","og_site_name":"Noleby Multimedia Tools for Street Workers","article_publisher":"https:\/\/www.facebook.com\/DynamoNetwork","twitter_card":"summary_large_image","schema":{"@context":"https:\/\/schema.org","@graph":[{"@type":"WebPage","@id":"https:\/\/streetworktoolbox.org\/fr\/avis-juridique\/","url":"https:\/\/streetworktoolbox.org\/fr\/avis-juridique\/","name":"Avis juridique - Noleby Multimedia Tools for Street Workers","isPartOf":{"@id":"https:\/\/streetworktoolbox.org\/fr\/#website"},"datePublished":"2025-05-14T12:12:22+00:00","breadcrumb":{"@id":"https:\/\/streetworktoolbox.org\/fr\/avis-juridique\/#breadcrumb"},"inLanguage":"fr-FR","potentialAction":[{"@type":"ReadAction","target":["https:\/\/streetworktoolbox.org\/fr\/avis-juridique\/"]}]},{"@type":"BreadcrumbList","@id":"https:\/\/streetworktoolbox.org\/fr\/avis-juridique\/#breadcrumb","itemListElement":[{"@type":"ListItem","position":1,"name":"Home","item":"https:\/\/streetworktoolbox.org\/fr\/page-daccueil\/"},{"@type":"ListItem","position":2,"name":"Avis juridique"}]},{"@type":"WebSite","@id":"https:\/\/streetworktoolbox.org\/fr\/#website","url":"https:\/\/streetworktoolbox.org\/fr\/","name":"Noleby Multimedia Tools for Street Workers","description":"","publisher":{"@id":"https:\/\/streetworktoolbox.org\/fr\/#organization"},"potentialAction":[{"@type":"SearchAction","target":{"@type":"EntryPoint","urlTemplate":"https:\/\/streetworktoolbox.org\/fr\/?s={search_term_string}"},"query-input":{"@type":"PropertyValueSpecification","valueRequired":true,"valueName":"search_term_string"}}],"inLanguage":"fr-FR"},{"@type":"Organization","@id":"https:\/\/streetworktoolbox.org\/fr\/#organization","name":"Noleby Multimedia Tools for Street Workers","url":"https:\/\/streetworktoolbox.org\/fr\/","logo":{"@type":"ImageObject","inLanguage":"fr-FR","@id":"https:\/\/streetworktoolbox.org\/fr\/#\/schema\/logo\/image\/","url":"https:\/\/streetworktoolbox.org\/wp-content\/uploads\/2025\/05\/noleby-logo-150-2.png","contentUrl":"https:\/\/streetworktoolbox.org\/wp-content\/uploads\/2025\/05\/noleby-logo-150-2.png","width":150,"height":49,"caption":"Noleby Multimedia Tools for Street Workers"},"image":{"@id":"https:\/\/streetworktoolbox.org\/fr\/#\/schema\/logo\/image\/"},"sameAs":["https:\/\/www.facebook.com\/DynamoNetwork"]}]}},"_links":{"self":[{"href":"https:\/\/streetworktoolbox.org\/fr\/wp-json\/wp\/v2\/pages\/1769","targetHints":{"allow":["GET"]}}],"collection":[{"href":"https:\/\/streetworktoolbox.org\/fr\/wp-json\/wp\/v2\/pages"}],"about":[{"href":"https:\/\/streetworktoolbox.org\/fr\/wp-json\/wp\/v2\/types\/page"}],"author":[{"embeddable":true,"href":"https:\/\/streetworktoolbox.org\/fr\/wp-json\/wp\/v2\/users\/1"}],"replies":[{"embeddable":true,"href":"https:\/\/streetworktoolbox.org\/fr\/wp-json\/wp\/v2\/comments?post=1769"}],"version-history":[{"count":0,"href":"https:\/\/streetworktoolbox.org\/fr\/wp-json\/wp\/v2\/pages\/1769\/revisions"}],"wp:attachment":[{"href":"https:\/\/streetworktoolbox.org\/fr\/wp-json\/wp\/v2\/media?parent=1769"}],"curies":[{"name":"wp","href":"https:\/\/api.w.org\/{rel}","templated":true}]}}