{"id":1799,"date":"2025-05-21T13:36:50","date_gmt":"2025-05-21T12:36:50","guid":{"rendered":"https:\/\/streetworktoolbox.org\/lignes-directrices-pour-une-utilisation-correcte-du-forum\/"},"modified":"2025-11-11T10:54:43","modified_gmt":"2025-11-11T10:54:43","slug":"lignes-directrices-pour-une-utilisation-correcte-du-forum","status":"publish","type":"page","link":"https:\/\/streetworktoolbox.org\/fr\/lignes-directrices-pour-une-utilisation-correcte-du-forum\/","title":{"rendered":"Lignes directrices pour une utilisation correcte du forum"},"content":{"rendered":"<div class=\"fusion-fullwidth fullwidth-box fusion-builder-row-1 fusion-flex-container has-pattern-background has-mask-background gdlns nonhundred-percent-fullwidth non-hundred-percent-height-scrolling\" style=\"--awb-border-radius-top-left:0px;--awb-border-radius-top-right:0px;--awb-border-radius-bottom-right:0px;--awb-border-radius-bottom-left:0px;--awb-padding-right:0px;--awb-padding-left:0px;--awb-flex-wrap:wrap;\" ><div class=\"fusion-builder-row fusion-row fusion-flex-align-items-flex-start fusion-flex-content-wrap\" style=\"max-width:1248px;margin-left: calc(-4% \/ 2 );margin-right: calc(-4% \/ 2 );\"><div class=\"fusion-layout-column fusion_builder_column fusion-builder-column-0 fusion_builder_column_1_1 1_1 fusion-flex-column\" style=\"--awb-bg-size:cover;--awb-width-large:100%;--awb-margin-top-large:0px;--awb-spacing-right-large:1.92%;--awb-margin-bottom-large:20px;--awb-spacing-left-large:1.92%;--awb-width-medium:100%;--awb-order-medium:0;--awb-spacing-right-medium:1.92%;--awb-spacing-left-medium:1.92%;--awb-width-small:100%;--awb-order-small:0;--awb-spacing-right-small:1.92%;--awb-spacing-left-small:1.92%;\"><div class=\"fusion-column-wrapper fusion-column-has-shadow fusion-flex-justify-content-flex-start fusion-content-layout-column\"><div class=\"fusion-text fusion-text-1\"><h2>Introduction<\/h2>\n<p>Le Forum NOLEBY est un espace de collaboration con\u00e7u pour les travailleurs de rue, les jeunes et leurs alli\u00e9s \u00e0 travers l&rsquo;Europe afin d&rsquo;engager des discussions significatives, de partager des exp\u00e9riences et de co-cr\u00e9er des solutions aux d\u00e9fis locaux. Afin de maintenir un environnement respectueux et efficace, tous les participants sont tenus d&rsquo;adh\u00e9rer aux directives suivantes. <\/p>\n<h2>Objectif du forum<\/h2>\n<ul>\n<li>Faciliter des dialogues ouverts et constructifs sur des sujets pertinents pour le travail social de rue.<\/li>\n<li>Partager les id\u00e9es, les ressources et les meilleures pratiques entre les praticiens et les membres de la communaut\u00e9.<\/li>\n<li>Promouvoir la r\u00e9solution collaborative des probl\u00e8mes et le soutien mutuel au sein de la communaut\u00e9.<\/li>\n<\/ul>\n<h2>Contributions acceptables<\/h2>\n<ul>\n<li>Exp\u00e9riences personnelles et r\u00e9cits qui donnent un aper\u00e7u du travail social de rue.<\/li>\n<li>Des questions, des discussions et des ressources pertinentes et b\u00e9n\u00e9fiques pour la communaut\u00e9.<\/li>\n<li>Un langage respectueux et inclusif qui favorise un environnement accueillant pour tous les participants.<\/li>\n<\/ul>\n<h2>Contenu interdit<\/h2>\n<ul>\n<li>Toute forme d&rsquo;incitation \u00e0 la haine, de discrimination ou de harc\u00e8lement.<\/li>\n<li>Les attaques personnelles, le trolling ou les commentaires incendiaires.<\/li>\n<li>Partage d&rsquo;informations confidentielles ou personnelles sans consentement.<\/li>\n<li>Spam, publicit\u00e9 ou contenu promotionnel sans rapport avec les objectifs du forum.<\/li>\n<\/ul>\n<h2>Lignes directrices pour l&rsquo;envoi de messages<\/h2>\n<ul>\n<li>Veillez \u00e0 ce que toutes les contributions soient respectueuses, pertinentes et constructives.<\/li>\n<li>Utilisez un langage clair et concis, et fournissez le contexte si n\u00e9cessaire.<\/li>\n<li>Restez dans le sujet et contribuez \u00e0 la discussion en cours.<\/li>\n<li>Citez vos sources lorsque vous partagez des informations ou des ressources.<\/li>\n<\/ul>\n<h2>Vie priv\u00e9e et consentement<\/h2>\n<ul>\n<li>Obtenez un consentement \u00e9clair\u00e9 avant de partager tout contenu mettant en sc\u00e8ne des personnes identifiables.<\/li>\n<li>Anonymiser les informations sensibles pour prot\u00e9ger la vie priv\u00e9e des individus et des communaut\u00e9s.<\/li>\n<li>Respecter les r\u00e9glementations en mati\u00e8re de protection des donn\u00e9es, y compris le GDPR, lors du traitement des donn\u00e9es personnelles.<\/li>\n<\/ul>\n<h2>Mod\u00e9ration et rapports<\/h2>\n<ul>\n<li>Le forum est surveill\u00e9 par des mod\u00e9rateurs d\u00e9sign\u00e9s qui veillent au respect de ces lignes directrices.<\/li>\n<li>Les utilisateurs peuvent signaler tout contenu ou comportement inappropri\u00e9 aux mod\u00e9rateurs \u00e0 l&rsquo;adresse info@streetworktoolbox.org.<\/li>\n<li>Les violations peuvent entra\u00eener la suppression du contenu et, le cas \u00e9ch\u00e9ant, la restriction des privil\u00e8ges de publication.<\/li>\n<\/ul>\n<h2>Remerciements<\/h2>\n<p>En participant au forum NOLEBY, les utilisateurs reconnaissent et acceptent d&rsquo;adh\u00e9rer \u00e0 ces lignes directrices, favorisant ainsi un environnement collaboratif et respectueux pour tous les participants.<\/p>\n<\/div><\/div><\/div><\/div><\/div>\n","protected":false},"excerpt":{"rendered":"","protected":false},"author":1,"featured_media":0,"parent":0,"menu_order":0,"comment_status":"closed","ping_status":"closed","template":"100-width.php","meta":{"_acf_changed":false,"_bbp_topic_count":0,"_bbp_reply_count":0,"_bbp_total_topic_count":0,"_bbp_total_reply_count":0,"_bbp_voice_count":0,"_bbp_anonymous_reply_count":0,"_bbp_topic_count_hidden":0,"_bbp_reply_count_hidden":0,"_bbp_forum_subforum_count":0,"inline_featured_image":false,"footnotes":""},"class_list":["post-1799","page","type-page","status-publish","hentry"],"acf":[],"yoast_head":"<!-- This site is optimized with the Yoast SEO plugin v26.3 - https:\/\/yoast.com\/wordpress\/plugins\/seo\/ -->\n<title>Lignes directrices pour une utilisation correcte du forum - Noleby Multimedia Tools for Street Workers<\/title>\n<meta name=\"robots\" content=\"index, follow, max-snippet:-1, max-image-preview:large, max-video-preview:-1\" \/>\n<link rel=\"canonical\" href=\"https:\/\/streetworktoolbox.org\/fr\/lignes-directrices-pour-une-utilisation-correcte-du-forum\/\" \/>\n<meta property=\"og:locale\" content=\"fr_FR\" \/>\n<meta property=\"og:type\" content=\"article\" \/>\n<meta property=\"og:title\" content=\"Lignes directrices pour une utilisation correcte du forum - Noleby Multimedia Tools for Street Workers\" \/>\n<meta property=\"og:url\" content=\"https:\/\/streetworktoolbox.org\/fr\/lignes-directrices-pour-une-utilisation-correcte-du-forum\/\" \/>\n<meta property=\"og:site_name\" content=\"Noleby Multimedia Tools for Street Workers\" \/>\n<meta property=\"article:publisher\" content=\"https:\/\/www.facebook.com\/DynamoNetwork\" \/>\n<meta property=\"article:modified_time\" content=\"2025-11-11T10:54:43+00:00\" \/>\n<meta name=\"twitter:card\" content=\"summary_large_image\" \/>\n<meta name=\"twitter:label1\" content=\"Dur\u00e9e de lecture estim\u00e9e\" \/>\n\t<meta name=\"twitter:data1\" content=\"7 minutes\" \/>\n<script type=\"application\/ld+json\" class=\"yoast-schema-graph\">{\"@context\":\"https:\/\/schema.org\",\"@graph\":[{\"@type\":\"WebPage\",\"@id\":\"https:\/\/streetworktoolbox.org\/fr\/lignes-directrices-pour-une-utilisation-correcte-du-forum\/\",\"url\":\"https:\/\/streetworktoolbox.org\/fr\/lignes-directrices-pour-une-utilisation-correcte-du-forum\/\",\"name\":\"Lignes directrices pour une utilisation correcte du forum - Noleby Multimedia Tools for Street Workers\",\"isPartOf\":{\"@id\":\"https:\/\/streetworktoolbox.org\/fr\/#website\"},\"datePublished\":\"2025-05-21T12:36:50+00:00\",\"dateModified\":\"2025-11-11T10:54:43+00:00\",\"breadcrumb\":{\"@id\":\"https:\/\/streetworktoolbox.org\/fr\/lignes-directrices-pour-une-utilisation-correcte-du-forum\/#breadcrumb\"},\"inLanguage\":\"fr-FR\",\"potentialAction\":[{\"@type\":\"ReadAction\",\"target\":[\"https:\/\/streetworktoolbox.org\/fr\/lignes-directrices-pour-une-utilisation-correcte-du-forum\/\"]}]},{\"@type\":\"BreadcrumbList\",\"@id\":\"https:\/\/streetworktoolbox.org\/fr\/lignes-directrices-pour-une-utilisation-correcte-du-forum\/#breadcrumb\",\"itemListElement\":[{\"@type\":\"ListItem\",\"position\":1,\"name\":\"Home\",\"item\":\"https:\/\/streetworktoolbox.org\/fr\/page-daccueil\/\"},{\"@type\":\"ListItem\",\"position\":2,\"name\":\"Lignes directrices pour une utilisation correcte du forum\"}]},{\"@type\":\"WebSite\",\"@id\":\"https:\/\/streetworktoolbox.org\/fr\/#website\",\"url\":\"https:\/\/streetworktoolbox.org\/fr\/\",\"name\":\"Noleby Multimedia Tools for Street Workers\",\"description\":\"\",\"publisher\":{\"@id\":\"https:\/\/streetworktoolbox.org\/fr\/#organization\"},\"potentialAction\":[{\"@type\":\"SearchAction\",\"target\":{\"@type\":\"EntryPoint\",\"urlTemplate\":\"https:\/\/streetworktoolbox.org\/fr\/?s={search_term_string}\"},\"query-input\":{\"@type\":\"PropertyValueSpecification\",\"valueRequired\":true,\"valueName\":\"search_term_string\"}}],\"inLanguage\":\"fr-FR\"},{\"@type\":\"Organization\",\"@id\":\"https:\/\/streetworktoolbox.org\/fr\/#organization\",\"name\":\"Noleby Multimedia Tools for Street Workers\",\"url\":\"https:\/\/streetworktoolbox.org\/fr\/\",\"logo\":{\"@type\":\"ImageObject\",\"inLanguage\":\"fr-FR\",\"@id\":\"https:\/\/streetworktoolbox.org\/fr\/#\/schema\/logo\/image\/\",\"url\":\"https:\/\/streetworktoolbox.org\/wp-content\/uploads\/2025\/05\/noleby-logo-150-2.png\",\"contentUrl\":\"https:\/\/streetworktoolbox.org\/wp-content\/uploads\/2025\/05\/noleby-logo-150-2.png\",\"width\":150,\"height\":49,\"caption\":\"Noleby Multimedia Tools for Street Workers\"},\"image\":{\"@id\":\"https:\/\/streetworktoolbox.org\/fr\/#\/schema\/logo\/image\/\"},\"sameAs\":[\"https:\/\/www.facebook.com\/DynamoNetwork\"]}]}<\/script>\n<!-- \/ Yoast SEO plugin. -->","yoast_head_json":{"title":"Lignes directrices pour une utilisation correcte du forum - Noleby Multimedia Tools for Street Workers","robots":{"index":"index","follow":"follow","max-snippet":"max-snippet:-1","max-image-preview":"max-image-preview:large","max-video-preview":"max-video-preview:-1"},"canonical":"https:\/\/streetworktoolbox.org\/fr\/lignes-directrices-pour-une-utilisation-correcte-du-forum\/","og_locale":"fr_FR","og_type":"article","og_title":"Lignes directrices pour une utilisation correcte du forum - Noleby Multimedia Tools for Street Workers","og_url":"https:\/\/streetworktoolbox.org\/fr\/lignes-directrices-pour-une-utilisation-correcte-du-forum\/","og_site_name":"Noleby Multimedia Tools for Street Workers","article_publisher":"https:\/\/www.facebook.com\/DynamoNetwork","article_modified_time":"2025-11-11T10:54:43+00:00","twitter_card":"summary_large_image","twitter_misc":{"Dur\u00e9e de lecture estim\u00e9e":"7 minutes"},"schema":{"@context":"https:\/\/schema.org","@graph":[{"@type":"WebPage","@id":"https:\/\/streetworktoolbox.org\/fr\/lignes-directrices-pour-une-utilisation-correcte-du-forum\/","url":"https:\/\/streetworktoolbox.org\/fr\/lignes-directrices-pour-une-utilisation-correcte-du-forum\/","name":"Lignes directrices pour une utilisation correcte du forum - Noleby Multimedia Tools for Street Workers","isPartOf":{"@id":"https:\/\/streetworktoolbox.org\/fr\/#website"},"datePublished":"2025-05-21T12:36:50+00:00","dateModified":"2025-11-11T10:54:43+00:00","breadcrumb":{"@id":"https:\/\/streetworktoolbox.org\/fr\/lignes-directrices-pour-une-utilisation-correcte-du-forum\/#breadcrumb"},"inLanguage":"fr-FR","potentialAction":[{"@type":"ReadAction","target":["https:\/\/streetworktoolbox.org\/fr\/lignes-directrices-pour-une-utilisation-correcte-du-forum\/"]}]},{"@type":"BreadcrumbList","@id":"https:\/\/streetworktoolbox.org\/fr\/lignes-directrices-pour-une-utilisation-correcte-du-forum\/#breadcrumb","itemListElement":[{"@type":"ListItem","position":1,"name":"Home","item":"https:\/\/streetworktoolbox.org\/fr\/page-daccueil\/"},{"@type":"ListItem","position":2,"name":"Lignes directrices pour une utilisation correcte du forum"}]},{"@type":"WebSite","@id":"https:\/\/streetworktoolbox.org\/fr\/#website","url":"https:\/\/streetworktoolbox.org\/fr\/","name":"Noleby Multimedia Tools for Street Workers","description":"","publisher":{"@id":"https:\/\/streetworktoolbox.org\/fr\/#organization"},"potentialAction":[{"@type":"SearchAction","target":{"@type":"EntryPoint","urlTemplate":"https:\/\/streetworktoolbox.org\/fr\/?s={search_term_string}"},"query-input":{"@type":"PropertyValueSpecification","valueRequired":true,"valueName":"search_term_string"}}],"inLanguage":"fr-FR"},{"@type":"Organization","@id":"https:\/\/streetworktoolbox.org\/fr\/#organization","name":"Noleby Multimedia Tools for Street Workers","url":"https:\/\/streetworktoolbox.org\/fr\/","logo":{"@type":"ImageObject","inLanguage":"fr-FR","@id":"https:\/\/streetworktoolbox.org\/fr\/#\/schema\/logo\/image\/","url":"https:\/\/streetworktoolbox.org\/wp-content\/uploads\/2025\/05\/noleby-logo-150-2.png","contentUrl":"https:\/\/streetworktoolbox.org\/wp-content\/uploads\/2025\/05\/noleby-logo-150-2.png","width":150,"height":49,"caption":"Noleby Multimedia Tools for Street Workers"},"image":{"@id":"https:\/\/streetworktoolbox.org\/fr\/#\/schema\/logo\/image\/"},"sameAs":["https:\/\/www.facebook.com\/DynamoNetwork"]}]}},"_links":{"self":[{"href":"https:\/\/streetworktoolbox.org\/fr\/wp-json\/wp\/v2\/pages\/1799","targetHints":{"allow":["GET"]}}],"collection":[{"href":"https:\/\/streetworktoolbox.org\/fr\/wp-json\/wp\/v2\/pages"}],"about":[{"href":"https:\/\/streetworktoolbox.org\/fr\/wp-json\/wp\/v2\/types\/page"}],"author":[{"embeddable":true,"href":"https:\/\/streetworktoolbox.org\/fr\/wp-json\/wp\/v2\/users\/1"}],"replies":[{"embeddable":true,"href":"https:\/\/streetworktoolbox.org\/fr\/wp-json\/wp\/v2\/comments?post=1799"}],"version-history":[{"count":1,"href":"https:\/\/streetworktoolbox.org\/fr\/wp-json\/wp\/v2\/pages\/1799\/revisions"}],"predecessor-version":[{"id":1804,"href":"https:\/\/streetworktoolbox.org\/fr\/wp-json\/wp\/v2\/pages\/1799\/revisions\/1804"}],"wp:attachment":[{"href":"https:\/\/streetworktoolbox.org\/fr\/wp-json\/wp\/v2\/media?parent=1799"}],"curies":[{"name":"wp","href":"https:\/\/api.w.org\/{rel}","templated":true}]}}